{"id":863,"date":"2023-03-17T17:05:08","date_gmt":"2023-03-17T17:05:08","guid":{"rendered":"https:\/\/l-eon.com\/?post_type=product&#038;p=863"},"modified":"2023-04-04T13:12:57","modified_gmt":"2023-04-04T13:12:57","slug":"se-rejouir-2","status":"publish","type":"product","link":"https:\/\/l-eon.com\/?product=se-rejouir-2","title":{"rendered":"Se R\u00e9jouir"},"content":{"rendered":"<div id=\"tab-content\" class=\"tab-content\">\n<div id=\"description\" class=\"tab-pane fade in active\" role=\"tabpanel\">\n<div class=\"product-description\">\n<div id=\"description\" class=\"tab-pane fade in active\" role=\"tabpanel\">\n<div class=\"product-description\">\n<p>La synergie olfactive <strong>SE LIB\u00c9RER<\/strong>\u00a0favorise les capacit\u00e9s d&rsquo;autonomie, d&rsquo;innovation et d&rsquo;\u00e9mancipation.<\/p>\n<\/div>\n<\/div>\n<div id=\"extra-1\" class=\"tab-pane fade in extra\" role=\"tabpanel\" data-title=\"Composition\">\n<p>Contient des huiles essentielles BIO d&rsquo;Ylang Ylang III, Lavande maillette, Ylang Ylang compl\u00e8te et Eucalyptus radi\u00e9<\/p>\n<p>100% du total des ingr\u00e9dients sont d&rsquo;origine naturelle<\/p>\n<p>100% du total des ingr\u00e9dients sont issus de l&rsquo;agriculture biologique<\/p>\n<p>Parfum d&rsquo;ambiance Biologique contr\u00f4l\u00e9 par Ecocert Greenlife F32600<\/p>\n<\/div>\n<p>&nbsp;<\/p>\n<p><strong>A respirer d\u00e8s que la situation l&rsquo;exige, jusqu&rsquo;\u00e0 5 fois par jour.<\/strong><\/p>\n<p><strong>Ou \u00e0 diffuser pendant 20 minutes<\/strong>.<\/p>\n<\/div>\n<\/div>\n<\/div>\n","protected":false},"excerpt":{"rendered":"<div id=\"extra-2\" class=\"tab-pane fade in extra\" role=\"tabpanel\" data-title=\"Pr\u00e9caution d\u2019usage\">\n<div class=\"additionnal-fields\">\n<div id=\"extra-2\" class=\"tab-pane fade in extra\" role=\"tabpanel\" data-title=\"Pr\u00e9caution d\u2019usage\">\n<div id=\"extra-2\" class=\"tab-pane fade in extra\" role=\"tabpanel\" data-title=\"Pr\u00e9caution d\u2019usage\">\n<div id=\"extra-2\" class=\"tab-pane fade in extra\" role=\"tabpanel\" data-title=\"Pr\u00e9caution d\u2019usage\">\n<div id=\"extra-2\" class=\"tab-pane fade in extra\" role=\"tabpanel\" data-title=\"Pr\u00e9caution d\u2019usage\">\n<p>Ne pas utiliser chez les enfants de moins de 7 ans, ni chez les femmes enceintes ou allaitantes, ni chez les personnes ayants des ant\u00e9c\u00e9dents de troubles convulsifs ou \u00e9pileptiques.<\/p>\n<p><strong>Mentions de dangers<\/strong> :\u00a0Peut \u00eatre mortel en cas d&rsquo;ingestion et de p\u00e9n\u00e9tration dans les voies respiratoires. Peut provoquer une allergie cutan\u00e9e. Provoque des l\u00e9sions oculaires graves. Tenir hors de port\u00e9e des enfants.<\/p>\n<p><strong>En cas d&rsquo;INGESTION<\/strong> : appeler imm\u00e9diatement un CENTRE ANTIPOISON ou un m\u00e9decin. NE PAS FAIRE VOMIR.<\/p>\n<p><strong>En cas DE CONTACT AVEC LA PEAU<\/strong> : laver abondamment \u00e0 l&rsquo;eau et au savon.<\/p>\n<p><strong>En cas de CONTACT AVEC LES YEUX<\/strong> : rincer avec pr\u00e9caution \u00e0 l&rsquo;eau pendant plusieurs minutes. Enlever les lentilles de contact si la victime en porte et si elles peuvent \u00eatre facilement enlev\u00e9es. Continuer \u00e0 rincer. Appeler imm\u00e9diatement un CENTRE ANTIPOISON ou un m\u00e9decin.<\/p>\n<p>&nbsp;<\/p>\n<\/div>\n<\/div>\n<\/div>\n<\/div>\n<\/div>\n<\/div>\n","protected":false},"featured_media":864,"comment_status":"open","ping_status":"closed","template":"","meta":{"_et_pb_use_builder":"","_et_pb_old_content":"","_et_gb_content_width":"","_monsterinsights_skip_tracking":false,"_monsterinsights_sitenote_active":false,"_monsterinsights_sitenote_note":"","_monsterinsights_sitenote_category":0},"product_cat":[19,26],"product_tag":[21],"yoast_head":"<!-- This site is optimized with the Yoast SEO plugin v20.11 - https:\/\/yoast.com\/wordpress\/plugins\/seo\/ -->\n<title>Se R\u00e9jouir - l-eon.com<\/title>\n<meta name=\"robots\" content=\"index, follow, max-snippet:-1, max-image-preview:large, max-video-preview:-1\" \/>\n<link rel=\"canonical\" href=\"https:\/\/l-eon.com\/?product=se-rejouir-2\" \/>\n<meta property=\"og:locale\" content=\"fr_FR\" \/>\n<meta property=\"og:type\" content=\"article\" \/>\n<meta property=\"og:title\" content=\"Se R\u00e9jouir - l-eon.com\" \/>\n<meta property=\"og:description\" content=\"Ne pas utiliser chez les enfants de moins de 7 ans, ni chez les femmes enceintes ou allaitantes, ni chez les personnes ayants des ant\u00e9c\u00e9dents de troubles convulsifs ou \u00e9pileptiques.  Mentions de dangers :\u00a0Peut \u00eatre mortel en cas d&#039;ingestion et de p\u00e9n\u00e9tration dans les voies respiratoires. Peut provoquer une allergie cutan\u00e9e. Provoque des l\u00e9sions oculaires graves. Tenir hors de port\u00e9e des enfants.  En cas d&#039;INGESTION : appeler imm\u00e9diatement un CENTRE ANTIPOISON ou un m\u00e9decin. NE PAS FAIRE VOMIR.  En cas DE CONTACT AVEC LA PEAU : laver abondamment \u00e0 l&#039;eau et au savon.  En cas de CONTACT AVEC LES YEUX : rincer avec pr\u00e9caution \u00e0 l&#039;eau pendant plusieurs minutes. Enlever les lentilles de contact si la victime en porte et si elles peuvent \u00eatre facilement enlev\u00e9es. Continuer \u00e0 rincer. Appeler imm\u00e9diatement un CENTRE ANTIPOISON ou un m\u00e9decin.  &nbsp;\" \/>\n<meta property=\"og:url\" content=\"https:\/\/l-eon.com\/?product=se-rejouir-2\" \/>\n<meta property=\"og:site_name\" content=\"l-eon.com\" \/>\n<meta property=\"article:publisher\" content=\"https:\/\/www.facebook.com\/LeonPlomb\/\" \/>\n<meta property=\"article:modified_time\" content=\"2023-04-04T13:12:57+00:00\" \/>\n<meta property=\"og:image\" content=\"https:\/\/l-eon.com\/wp-content\/uploads\/2023\/03\/se-liberer.jpg.png\" \/>\n\t<meta property=\"og:image:width\" content=\"800\" \/>\n\t<meta property=\"og:image:height\" content=\"800\" \/>\n\t<meta property=\"og:image:type\" content=\"image\/png\" \/>\n<meta name=\"twitter:card\" content=\"summary_large_image\" \/>\n<meta name=\"twitter:label1\" content=\"Dur\u00e9e de lecture estim\u00e9e\" \/>\n\t<meta name=\"twitter:data1\" content=\"1 minute\" \/>\n<script type=\"application\/ld+json\" class=\"yoast-schema-graph\">{\"@context\":\"https:\/\/schema.org\",\"@graph\":[{\"@type\":\"WebPage\",\"@id\":\"https:\/\/l-eon.com\/?product=se-rejouir-2\",\"url\":\"https:\/\/l-eon.com\/?product=se-rejouir-2\",\"name\":\"Se R\u00e9jouir - l-eon.com\",\"isPartOf\":{\"@id\":\"https:\/\/l-eon.com\/#website\"},\"datePublished\":\"2023-03-17T17:05:08+00:00\",\"dateModified\":\"2023-04-04T13:12:57+00:00\",\"breadcrumb\":{\"@id\":\"https:\/\/l-eon.com\/?product=se-rejouir-2#breadcrumb\"},\"inLanguage\":\"fr-FR\",\"potentialAction\":[{\"@type\":\"ReadAction\",\"target\":[\"https:\/\/l-eon.com\/?product=se-rejouir-2\"]}]},{\"@type\":\"BreadcrumbList\",\"@id\":\"https:\/\/l-eon.com\/?product=se-rejouir-2#breadcrumb\",\"itemListElement\":[{\"@type\":\"ListItem\",\"position\":1,\"name\":\"Accueil\",\"item\":\"https:\/\/l-eon.com\/\"},{\"@type\":\"ListItem\",\"position\":2,\"name\":\"Boutique\",\"item\":\"https:\/\/l-eon.com\/?page_id=562\"},{\"@type\":\"ListItem\",\"position\":3,\"name\":\"Se R\u00e9jouir\"}]},{\"@type\":\"WebSite\",\"@id\":\"https:\/\/l-eon.com\/#website\",\"url\":\"https:\/\/l-eon.com\/\",\"name\":\"L-Eon.com\",\"description\":\"Nettoyage Alchimique\",\"publisher\":{\"@id\":\"https:\/\/l-eon.com\/#organization\"},\"potentialAction\":[{\"@type\":\"SearchAction\",\"target\":{\"@type\":\"EntryPoint\",\"urlTemplate\":\"https:\/\/l-eon.com\/?s={search_term_string}\"},\"query-input\":\"required name=search_term_string\"}],\"inLanguage\":\"fr-FR\"},{\"@type\":\"Organization\",\"@id\":\"https:\/\/l-eon.com\/#organization\",\"name\":\"L-Eon.com\",\"url\":\"https:\/\/l-eon.com\/\",\"logo\":{\"@type\":\"ImageObject\",\"inLanguage\":\"fr-FR\",\"@id\":\"https:\/\/l-eon.com\/#\/schema\/logo\/image\/\",\"url\":\"https:\/\/l-eon.com\/wp-content\/uploads\/2023\/01\/cropped-logo-png-1.png\",\"contentUrl\":\"https:\/\/l-eon.com\/wp-content\/uploads\/2023\/01\/cropped-logo-png-1.png\",\"width\":512,\"height\":512,\"caption\":\"L-Eon.com\"},\"image\":{\"@id\":\"https:\/\/l-eon.com\/#\/schema\/logo\/image\/\"},\"sameAs\":[\"https:\/\/www.facebook.com\/LeonPlomb\/\"]}]}<\/script>\n<!-- \/ Yoast SEO plugin. -->","yoast_head_json":{"title":"Se R\u00e9jouir - l-eon.com","robots":{"index":"index","follow":"follow","max-snippet":"max-snippet:-1","max-image-preview":"max-image-preview:large","max-video-preview":"max-video-preview:-1"},"canonical":"https:\/\/l-eon.com\/?product=se-rejouir-2","og_locale":"fr_FR","og_type":"article","og_title":"Se R\u00e9jouir - l-eon.com","og_description":"Ne pas utiliser chez les enfants de moins de 7 ans, ni chez les femmes enceintes ou allaitantes, ni chez les personnes ayants des ant\u00e9c\u00e9dents de troubles convulsifs ou \u00e9pileptiques.  Mentions de dangers :\u00a0Peut \u00eatre mortel en cas d'ingestion et de p\u00e9n\u00e9tration dans les voies respiratoires. Peut provoquer une allergie cutan\u00e9e. Provoque des l\u00e9sions oculaires graves. Tenir hors de port\u00e9e des enfants.  En cas d'INGESTION : appeler imm\u00e9diatement un CENTRE ANTIPOISON ou un m\u00e9decin. NE PAS FAIRE VOMIR.  En cas DE CONTACT AVEC LA PEAU : laver abondamment \u00e0 l'eau et au savon.  En cas de CONTACT AVEC LES YEUX : rincer avec pr\u00e9caution \u00e0 l'eau pendant plusieurs minutes. Enlever les lentilles de contact si la victime en porte et si elles peuvent \u00eatre facilement enlev\u00e9es. Continuer \u00e0 rincer. Appeler imm\u00e9diatement un CENTRE ANTIPOISON ou un m\u00e9decin.  &nbsp;","og_url":"https:\/\/l-eon.com\/?product=se-rejouir-2","og_site_name":"l-eon.com","article_publisher":"https:\/\/www.facebook.com\/LeonPlomb\/","article_modified_time":"2023-04-04T13:12:57+00:00","og_image":[{"width":800,"height":800,"url":"https:\/\/l-eon.com\/wp-content\/uploads\/2023\/03\/se-liberer.jpg.png","type":"image\/png"}],"twitter_card":"summary_large_image","twitter_misc":{"Dur\u00e9e de lecture estim\u00e9e":"1 minute"},"schema":{"@context":"https:\/\/schema.org","@graph":[{"@type":"WebPage","@id":"https:\/\/l-eon.com\/?product=se-rejouir-2","url":"https:\/\/l-eon.com\/?product=se-rejouir-2","name":"Se R\u00e9jouir - l-eon.com","isPartOf":{"@id":"https:\/\/l-eon.com\/#website"},"datePublished":"2023-03-17T17:05:08+00:00","dateModified":"2023-04-04T13:12:57+00:00","breadcrumb":{"@id":"https:\/\/l-eon.com\/?product=se-rejouir-2#breadcrumb"},"inLanguage":"fr-FR","potentialAction":[{"@type":"ReadAction","target":["https:\/\/l-eon.com\/?product=se-rejouir-2"]}]},{"@type":"BreadcrumbList","@id":"https:\/\/l-eon.com\/?product=se-rejouir-2#breadcrumb","itemListElement":[{"@type":"ListItem","position":1,"name":"Accueil","item":"https:\/\/l-eon.com\/"},{"@type":"ListItem","position":2,"name":"Boutique","item":"https:\/\/l-eon.com\/?page_id=562"},{"@type":"ListItem","position":3,"name":"Se R\u00e9jouir"}]},{"@type":"WebSite","@id":"https:\/\/l-eon.com\/#website","url":"https:\/\/l-eon.com\/","name":"L-Eon.com","description":"Nettoyage Alchimique","publisher":{"@id":"https:\/\/l-eon.com\/#organization"},"potentialAction":[{"@type":"SearchAction","target":{"@type":"EntryPoint","urlTemplate":"https:\/\/l-eon.com\/?s={search_term_string}"},"query-input":"required name=search_term_string"}],"inLanguage":"fr-FR"},{"@type":"Organization","@id":"https:\/\/l-eon.com\/#organization","name":"L-Eon.com","url":"https:\/\/l-eon.com\/","logo":{"@type":"ImageObject","inLanguage":"fr-FR","@id":"https:\/\/l-eon.com\/#\/schema\/logo\/image\/","url":"https:\/\/l-eon.com\/wp-content\/uploads\/2023\/01\/cropped-logo-png-1.png","contentUrl":"https:\/\/l-eon.com\/wp-content\/uploads\/2023\/01\/cropped-logo-png-1.png","width":512,"height":512,"caption":"L-Eon.com"},"image":{"@id":"https:\/\/l-eon.com\/#\/schema\/logo\/image\/"},"sameAs":["https:\/\/www.facebook.com\/LeonPlomb\/"]}]}},"_links":{"self":[{"href":"https:\/\/l-eon.com\/index.php?rest_route=\/wp\/v2\/product\/863"}],"collection":[{"href":"https:\/\/l-eon.com\/index.php?rest_route=\/wp\/v2\/product"}],"about":[{"href":"https:\/\/l-eon.com\/index.php?rest_route=\/wp\/v2\/types\/product"}],"replies":[{"embeddable":true,"href":"https:\/\/l-eon.com\/index.php?rest_route=%2Fwp%2Fv2%2Fcomments&post=863"}],"wp:featuredmedia":[{"embeddable":true,"href":"https:\/\/l-eon.com\/index.php?rest_route=\/wp\/v2\/media\/864"}],"wp:attachment":[{"href":"https:\/\/l-eon.com\/index.php?rest_route=%2Fwp%2Fv2%2Fmedia&parent=863"}],"wp:term":[{"taxonomy":"product_cat","embeddable":true,"href":"https:\/\/l-eon.com\/index.php?rest_route=%2Fwp%2Fv2%2Fproduct_cat&post=863"},{"taxonomy":"product_tag","embeddable":true,"href":"https:\/\/l-eon.com\/index.php?rest_route=%2Fwp%2Fv2%2Fproduct_tag&post=863"}],"curies":[{"name":"wp","href":"https:\/\/api.w.org\/{rel}","templated":true}]}}