{"id":573,"date":"2023-03-17T09:51:49","date_gmt":"2023-03-17T09:51:49","guid":{"rendered":"https:\/\/l-eon.com\/?post_type=product&#038;p=573"},"modified":"2023-04-04T13:14:12","modified_gmt":"2023-04-04T13:14:12","slug":"urgences","status":"publish","type":"product","link":"https:\/\/l-eon.com\/?product=urgences","title":{"rendered":"Urgences"},"content":{"rendered":"<div id=\"tab-content\" class=\"tab-content\">\n<div id=\"description\" class=\"tab-pane fade in active\" role=\"tabpanel\">\n<div class=\"product-description\">\n<p>Le Quantique Olfactif <strong>URGENCE<\/strong>\u00a0aide \u00e0 retrouver calme et sang-froid en situation de crise.<\/p>\n<p><em>Nouveaut\u00e9\u00a0&#8211; remplace l&rsquo;\u00e9lixir essentiel DEVA Urgence \u00e9motionnelle.<\/em><\/p>\n<p>Compositions :<\/p>\n<p>Huiles essentielles BIO d&rsquo;Eucalyptus radi\u00e9, Marjolaine \u00e0 coquille, Val\u00e9riane et H\u00e9lichryse italienne.<\/p>\n<p>100% du total des ingr\u00e9dients sont d&rsquo;origine naturelle<\/p>\n<p>100% du total des ingr\u00e9dients sont issus de l&rsquo;agriculture biologique<\/p>\n<p>Parfum d&rsquo;ambiance Biologique contr\u00f4l\u00e9 par Ecocert Greenlife F32600<\/p>\n<p><strong><em>Conseils d&rsquo;utilisation :<\/em><\/strong><\/p>\n<p><strong><em>A respirer d\u00e8s que la situation l&rsquo;exige, jusqu&rsquo;\u00e0 5 fois par jour.<\/em><\/strong><\/p>\n<p><strong><em>Ou \u00e0 diffuser pendant 20 minutes.<\/em><\/strong><\/p>\n<\/div>\n<\/div>\n<\/div>\n","protected":false},"excerpt":{"rendered":"<div id=\"extra-2\" class=\"tab-pane fade in extra\" role=\"tabpanel\" data-title=\"Pr\u00e9caution d\u2019usage\">\n<p>Contient des huiles essentielles BIO d&rsquo;Eucalyptus radi\u00e9 et de Marjolaine \u00e0 coquille.<\/p>\n<p><strong>Pr\u00e9caution d&#8217;emploi :<\/strong>\u00a0Ne pas utiliser chez les enfants de moins de 7 ans, ni chez les femmes enceintes ou allaitantes, ni chez les personnes ayants des ant\u00e9c\u00e9dents de troubles convulsifs ou \u00e9pileptiques.<\/p>\n<p><strong>Mentions de dangers<\/strong> :\u00a0Peut \u00eatre mortel en cas d&rsquo;ingestion et de p\u00e9n\u00e9tration dans les voies respiratoires. Peut provoquer une allergie cutan\u00e9e. Provoque des l\u00e9sions oculaires graves. Tenir hors de port\u00e9e des enfants.<\/p>\n<p><strong>En cas d&rsquo;INGESTION<\/strong> : appeler imm\u00e9diatement un CENTRE ANTIPOISON ou un m\u00e9decin. NE PAS FAIRE VOMIR.<\/p>\n<p><strong>En cas DE CONTACT AVEC LA PEAU<\/strong> : laver abondamment \u00e0 l&rsquo;eau et au savon.<\/p>\n<p><strong>En cas de CONTACT AVEC LES YEUX<\/strong> : rincer avec pr\u00e9caution \u00e0 l&rsquo;eau pendant plusieurs minutes. Enlever les lentilles de contact si la victime en porte et si elles peuvent \u00eatre facilement enlev\u00e9es. Continuer \u00e0 rincer. Appeler imm\u00e9diatement un CENTRE ANTIPOISON.<\/p>\n<\/div>\n","protected":false},"featured_media":575,"comment_status":"open","ping_status":"closed","template":"","meta":{"_et_pb_use_builder":"on","_et_pb_old_content":"<div id=\"tab-content\" class=\"tab-content\">\r\n<div id=\"description\" class=\"tab-pane fade in active\" role=\"tabpanel\">\r\n<div class=\"product-description\">\r\n\r\nLe Quantique Olfactif <strong>URGENCE<\/strong>\u00a0aide \u00e0 retrouver calme et sang-froid en situation de crise.\r\n\r\n<em>Nouveaut\u00e9\u00a0- remplace l'\u00e9lixir essentiel DEVA Urgence \u00e9motionnelle.<\/em>\r\n\r\nCompositions :\r\n\r\nHuiles essentielles BIO d'Eucalyptus radi\u00e9, Marjolaine \u00e0 coquille, Val\u00e9riane et H\u00e9lichryse italienne.\r\n\r\n100% du total des ingr\u00e9dients sont d'origine naturelle\r\n\r\n100% du total des ingr\u00e9dients sont issus de l'agriculture biologique\r\n\r\nParfum d'ambiance Biologique contr\u00f4l\u00e9 par Ecocert Greenlife F32600\r\n\r\n<strong><em>Conseils d'utilisation :<\/em><\/strong>\r\n\r\n<strong><em>A respirer d\u00e8s que la situation l'exige, jusqu'\u00e0 5 fois par jour.<\/em><\/strong>\r\n\r\n<strong><em>Ou \u00e0 diffuser pendant 20 minutes.<\/em><\/strong>\r\n\r\n<\/div>\r\n<\/div>\r\n<\/div>","_et_gb_content_width":"","_monsterinsights_skip_tracking":false,"_monsterinsights_sitenote_active":false,"_monsterinsights_sitenote_note":"","_monsterinsights_sitenote_category":0},"product_cat":[19,25],"product_tag":[20],"yoast_head":"<!-- This site is optimized with the Yoast SEO plugin v20.11 - https:\/\/yoast.com\/wordpress\/plugins\/seo\/ -->\n<title>Urgences - l-eon.com<\/title>\n<meta name=\"robots\" content=\"index, follow, max-snippet:-1, max-image-preview:large, max-video-preview:-1\" \/>\n<link rel=\"canonical\" href=\"https:\/\/l-eon.com\/?product=urgences\" \/>\n<meta property=\"og:locale\" content=\"fr_FR\" \/>\n<meta property=\"og:type\" content=\"article\" \/>\n<meta property=\"og:title\" content=\"Urgences - l-eon.com\" \/>\n<meta property=\"og:description\" content=\"Contient des huiles essentielles BIO d&#039;Eucalyptus radi\u00e9 et de Marjolaine \u00e0 coquille.  Pr\u00e9caution d&#039;emploi :\u00a0Ne pas utiliser chez les enfants de moins de 7 ans, ni chez les femmes enceintes ou allaitantes, ni chez les personnes ayants des ant\u00e9c\u00e9dents de troubles convulsifs ou \u00e9pileptiques.  Mentions de dangers :\u00a0Peut \u00eatre mortel en cas d&#039;ingestion et de p\u00e9n\u00e9tration dans les voies respiratoires. Peut provoquer une allergie cutan\u00e9e. Provoque des l\u00e9sions oculaires graves. Tenir hors de port\u00e9e des enfants.  En cas d&#039;INGESTION : appeler imm\u00e9diatement un CENTRE ANTIPOISON ou un m\u00e9decin. NE PAS FAIRE VOMIR.  En cas DE CONTACT AVEC LA PEAU : laver abondamment \u00e0 l&#039;eau et au savon.  En cas de CONTACT AVEC LES YEUX : rincer avec pr\u00e9caution \u00e0 l&#039;eau pendant plusieurs minutes. Enlever les lentilles de contact si la victime en porte et si elles peuvent \u00eatre facilement enlev\u00e9es. Continuer \u00e0 rincer. Appeler imm\u00e9diatement un CENTRE ANTIPOISON.\" \/>\n<meta property=\"og:url\" content=\"https:\/\/l-eon.com\/?product=urgences\" \/>\n<meta property=\"og:site_name\" content=\"l-eon.com\" \/>\n<meta property=\"article:publisher\" content=\"https:\/\/www.facebook.com\/LeonPlomb\/\" \/>\n<meta property=\"article:modified_time\" content=\"2023-04-04T13:14:12+00:00\" \/>\n<meta property=\"og:image\" content=\"https:\/\/l-eon.com\/wp-content\/uploads\/2023\/03\/urgence.jpg.png\" \/>\n\t<meta property=\"og:image:width\" content=\"290\" \/>\n\t<meta property=\"og:image:height\" content=\"290\" \/>\n\t<meta property=\"og:image:type\" content=\"image\/png\" \/>\n<meta name=\"twitter:card\" content=\"summary_large_image\" \/>\n<meta name=\"twitter:label1\" content=\"Dur\u00e9e de lecture estim\u00e9e\" \/>\n\t<meta name=\"twitter:data1\" content=\"1 minute\" \/>\n<script type=\"application\/ld+json\" class=\"yoast-schema-graph\">{\"@context\":\"https:\/\/schema.org\",\"@graph\":[{\"@type\":\"WebPage\",\"@id\":\"https:\/\/l-eon.com\/?product=urgences\",\"url\":\"https:\/\/l-eon.com\/?product=urgences\",\"name\":\"Urgences - l-eon.com\",\"isPartOf\":{\"@id\":\"https:\/\/l-eon.com\/#website\"},\"datePublished\":\"2023-03-17T09:51:49+00:00\",\"dateModified\":\"2023-04-04T13:14:12+00:00\",\"breadcrumb\":{\"@id\":\"https:\/\/l-eon.com\/?product=urgences#breadcrumb\"},\"inLanguage\":\"fr-FR\",\"potentialAction\":[{\"@type\":\"ReadAction\",\"target\":[\"https:\/\/l-eon.com\/?product=urgences\"]}]},{\"@type\":\"BreadcrumbList\",\"@id\":\"https:\/\/l-eon.com\/?product=urgences#breadcrumb\",\"itemListElement\":[{\"@type\":\"ListItem\",\"position\":1,\"name\":\"Accueil\",\"item\":\"https:\/\/l-eon.com\/\"},{\"@type\":\"ListItem\",\"position\":2,\"name\":\"Boutique\",\"item\":\"https:\/\/l-eon.com\/?page_id=562\"},{\"@type\":\"ListItem\",\"position\":3,\"name\":\"Urgences\"}]},{\"@type\":\"WebSite\",\"@id\":\"https:\/\/l-eon.com\/#website\",\"url\":\"https:\/\/l-eon.com\/\",\"name\":\"L-Eon.com\",\"description\":\"Nettoyage Alchimique\",\"publisher\":{\"@id\":\"https:\/\/l-eon.com\/#organization\"},\"potentialAction\":[{\"@type\":\"SearchAction\",\"target\":{\"@type\":\"EntryPoint\",\"urlTemplate\":\"https:\/\/l-eon.com\/?s={search_term_string}\"},\"query-input\":\"required name=search_term_string\"}],\"inLanguage\":\"fr-FR\"},{\"@type\":\"Organization\",\"@id\":\"https:\/\/l-eon.com\/#organization\",\"name\":\"L-Eon.com\",\"url\":\"https:\/\/l-eon.com\/\",\"logo\":{\"@type\":\"ImageObject\",\"inLanguage\":\"fr-FR\",\"@id\":\"https:\/\/l-eon.com\/#\/schema\/logo\/image\/\",\"url\":\"https:\/\/l-eon.com\/wp-content\/uploads\/2023\/01\/cropped-logo-png-1.png\",\"contentUrl\":\"https:\/\/l-eon.com\/wp-content\/uploads\/2023\/01\/cropped-logo-png-1.png\",\"width\":512,\"height\":512,\"caption\":\"L-Eon.com\"},\"image\":{\"@id\":\"https:\/\/l-eon.com\/#\/schema\/logo\/image\/\"},\"sameAs\":[\"https:\/\/www.facebook.com\/LeonPlomb\/\"]}]}<\/script>\n<!-- \/ Yoast SEO plugin. -->","yoast_head_json":{"title":"Urgences - l-eon.com","robots":{"index":"index","follow":"follow","max-snippet":"max-snippet:-1","max-image-preview":"max-image-preview:large","max-video-preview":"max-video-preview:-1"},"canonical":"https:\/\/l-eon.com\/?product=urgences","og_locale":"fr_FR","og_type":"article","og_title":"Urgences - l-eon.com","og_description":"Contient des huiles essentielles BIO d'Eucalyptus radi\u00e9 et de Marjolaine \u00e0 coquille.  Pr\u00e9caution d'emploi :\u00a0Ne pas utiliser chez les enfants de moins de 7 ans, ni chez les femmes enceintes ou allaitantes, ni chez les personnes ayants des ant\u00e9c\u00e9dents de troubles convulsifs ou \u00e9pileptiques.  Mentions de dangers :\u00a0Peut \u00eatre mortel en cas d'ingestion et de p\u00e9n\u00e9tration dans les voies respiratoires. Peut provoquer une allergie cutan\u00e9e. Provoque des l\u00e9sions oculaires graves. Tenir hors de port\u00e9e des enfants.  En cas d'INGESTION : appeler imm\u00e9diatement un CENTRE ANTIPOISON ou un m\u00e9decin. NE PAS FAIRE VOMIR.  En cas DE CONTACT AVEC LA PEAU : laver abondamment \u00e0 l'eau et au savon.  En cas de CONTACT AVEC LES YEUX : rincer avec pr\u00e9caution \u00e0 l'eau pendant plusieurs minutes. Enlever les lentilles de contact si la victime en porte et si elles peuvent \u00eatre facilement enlev\u00e9es. Continuer \u00e0 rincer. Appeler imm\u00e9diatement un CENTRE ANTIPOISON.","og_url":"https:\/\/l-eon.com\/?product=urgences","og_site_name":"l-eon.com","article_publisher":"https:\/\/www.facebook.com\/LeonPlomb\/","article_modified_time":"2023-04-04T13:14:12+00:00","og_image":[{"width":290,"height":290,"url":"https:\/\/l-eon.com\/wp-content\/uploads\/2023\/03\/urgence.jpg.png","type":"image\/png"}],"twitter_card":"summary_large_image","twitter_misc":{"Dur\u00e9e de lecture estim\u00e9e":"1 minute"},"schema":{"@context":"https:\/\/schema.org","@graph":[{"@type":"WebPage","@id":"https:\/\/l-eon.com\/?product=urgences","url":"https:\/\/l-eon.com\/?product=urgences","name":"Urgences - l-eon.com","isPartOf":{"@id":"https:\/\/l-eon.com\/#website"},"datePublished":"2023-03-17T09:51:49+00:00","dateModified":"2023-04-04T13:14:12+00:00","breadcrumb":{"@id":"https:\/\/l-eon.com\/?product=urgences#breadcrumb"},"inLanguage":"fr-FR","potentialAction":[{"@type":"ReadAction","target":["https:\/\/l-eon.com\/?product=urgences"]}]},{"@type":"BreadcrumbList","@id":"https:\/\/l-eon.com\/?product=urgences#breadcrumb","itemListElement":[{"@type":"ListItem","position":1,"name":"Accueil","item":"https:\/\/l-eon.com\/"},{"@type":"ListItem","position":2,"name":"Boutique","item":"https:\/\/l-eon.com\/?page_id=562"},{"@type":"ListItem","position":3,"name":"Urgences"}]},{"@type":"WebSite","@id":"https:\/\/l-eon.com\/#website","url":"https:\/\/l-eon.com\/","name":"L-Eon.com","description":"Nettoyage Alchimique","publisher":{"@id":"https:\/\/l-eon.com\/#organization"},"potentialAction":[{"@type":"SearchAction","target":{"@type":"EntryPoint","urlTemplate":"https:\/\/l-eon.com\/?s={search_term_string}"},"query-input":"required name=search_term_string"}],"inLanguage":"fr-FR"},{"@type":"Organization","@id":"https:\/\/l-eon.com\/#organization","name":"L-Eon.com","url":"https:\/\/l-eon.com\/","logo":{"@type":"ImageObject","inLanguage":"fr-FR","@id":"https:\/\/l-eon.com\/#\/schema\/logo\/image\/","url":"https:\/\/l-eon.com\/wp-content\/uploads\/2023\/01\/cropped-logo-png-1.png","contentUrl":"https:\/\/l-eon.com\/wp-content\/uploads\/2023\/01\/cropped-logo-png-1.png","width":512,"height":512,"caption":"L-Eon.com"},"image":{"@id":"https:\/\/l-eon.com\/#\/schema\/logo\/image\/"},"sameAs":["https:\/\/www.facebook.com\/LeonPlomb\/"]}]}},"_links":{"self":[{"href":"https:\/\/l-eon.com\/index.php?rest_route=\/wp\/v2\/product\/573"}],"collection":[{"href":"https:\/\/l-eon.com\/index.php?rest_route=\/wp\/v2\/product"}],"about":[{"href":"https:\/\/l-eon.com\/index.php?rest_route=\/wp\/v2\/types\/product"}],"replies":[{"embeddable":true,"href":"https:\/\/l-eon.com\/index.php?rest_route=%2Fwp%2Fv2%2Fcomments&post=573"}],"wp:featuredmedia":[{"embeddable":true,"href":"https:\/\/l-eon.com\/index.php?rest_route=\/wp\/v2\/media\/575"}],"wp:attachment":[{"href":"https:\/\/l-eon.com\/index.php?rest_route=%2Fwp%2Fv2%2Fmedia&parent=573"}],"wp:term":[{"taxonomy":"product_cat","embeddable":true,"href":"https:\/\/l-eon.com\/index.php?rest_route=%2Fwp%2Fv2%2Fproduct_cat&post=573"},{"taxonomy":"product_tag","embeddable":true,"href":"https:\/\/l-eon.com\/index.php?rest_route=%2Fwp%2Fv2%2Fproduct_tag&post=573"}],"curies":[{"name":"wp","href":"https:\/\/api.w.org\/{rel}","templated":true}]}}